{"id":155,"date":"2019-01-22T07:04:54","date_gmt":"2019-01-22T07:04:54","guid":{"rendered":"http:\/\/www.tvarminne-caravan.fi\/wp\/?page_id=155"},"modified":"2019-02-08T14:49:11","modified_gmt":"2019-02-08T12:49:11","slug":"leirinta","status":"publish","type":"page","link":"http:\/\/www.tvarminne-caravan.fi\/wp\/?page_id=155","title":{"rendered":"Leirint\u00e4"},"content":{"rendered":"\n<p>Alueella on 12 paikkaa vaunulle tai asuntoautolle ja kaikki paikat \novat s\u00e4hk\u00f6paikkoja. Aluetta tullaan laajentamaan tulevaisuudessa.<\/p>\n\n\n\n<h3 class=\"wp-block-heading\">Alueen kartta<\/h3>\n\n\n\n<figure class=\"wp-block-image\"><a href=\"http:\/\/www.tvarminne-caravan.fi\/kuvat\/kartta.jpg\" target=\"_blank\" rel=\"noreferrer noopener\"><img decoding=\"async\" src=\"http:\/\/www.tvarminne-caravan.fi\/kuvat\/kartta2.jpg\" alt=\"\"\/><\/a><\/figure>\n\n\n<p>[table id=1 \/]<\/p>\n\n\n\n<p><em>Hinnat alv. 0%. S\u00e4hk\u00f6 ei sis\u00e4lly hintaan. Lyhyin sopimusaika on yksi viikko.<\/em><\/p>\n\n\n\n<p><em>Vieraat 5 \u20ac \/ vrk (ei koske p\u00e4iv\u00e4vieraita)<\/em><\/p>\n\n\n\n<p><em>Saunamaksu 2,5 \u20ac \/ henkil\u00f6 \/ h<\/em><\/p>\n","protected":false},"excerpt":{"rendered":"<p>Alueella on 12 paikkaa vaunulle tai asuntoautolle ja kaikki paikat ovat s\u00e4hk\u00f6paikkoja. Aluetta tullaan laajentamaan tulevaisuudessa. Alueen kartta Hinnat alv. 0%. S\u00e4hk\u00f6 ei sis\u00e4lly hintaan. Lyhyin sopimusaika on yksi viikko. Vieraat 5 \u20ac \/ vrk (ei koske p\u00e4iv\u00e4vieraita) Saunamaksu 2,5 \u20ac \/ henkil\u00f6 \/ h<\/p>\n","protected":false},"author":1,"featured_media":0,"parent":0,"menu_order":2,"comment_status":"closed","ping_status":"closed","template":"template-onecolumn.php","meta":{"ngg_post_thumbnail":0,"footnotes":""},"class_list":["post-155","page","type-page","status-publish","hentry","nodate","item-wrap"],"_links":{"self":[{"href":"http:\/\/www.tvarminne-caravan.fi\/wp\/index.php?rest_route=\/wp\/v2\/pages\/155"}],"collection":[{"href":"http:\/\/www.tvarminne-caravan.fi\/wp\/index.php?rest_route=\/wp\/v2\/pages"}],"about":[{"href":"http:\/\/www.tvarminne-caravan.fi\/wp\/index.php?rest_route=\/wp\/v2\/types\/page"}],"author":[{"embeddable":true,"href":"http:\/\/www.tvarminne-caravan.fi\/wp\/index.php?rest_route=\/wp\/v2\/users\/1"}],"replies":[{"embeddable":true,"href":"http:\/\/www.tvarminne-caravan.fi\/wp\/index.php?rest_route=%2Fwp%2Fv2%2Fcomments&post=155"}],"version-history":[{"count":8,"href":"http:\/\/www.tvarminne-caravan.fi\/wp\/index.php?rest_route=\/wp\/v2\/pages\/155\/revisions"}],"predecessor-version":[{"id":333,"href":"http:\/\/www.tvarminne-caravan.fi\/wp\/index.php?rest_route=\/wp\/v2\/pages\/155\/revisions\/333"}],"wp:attachment":[{"href":"http:\/\/www.tvarminne-caravan.fi\/wp\/index.php?rest_route=%2Fwp%2Fv2%2Fmedia&parent=155"}],"curies":[{"name":"wp","href":"https:\/\/api.w.org\/{rel}","templated":true}]}}